{"id":3,"date":"2023-09-13T20:40:49","date_gmt":"2023-09-13T20:40:49","guid":{"rendered":"http:\/\/rigalberries.com\/?page_id=3"},"modified":"2024-10-31T22:01:22","modified_gmt":"2024-10-31T22:01:22","slug":"nuestros-productos-2","status":"publish","type":"page","link":"https:\/\/rigalberries.com\/index.php\/nuestros-productos-2\/","title":{"rendered":"Nuestros productos"},"content":{"rendered":"\t\t<div data-elementor-type=\"wp-page\" data-elementor-id=\"3\" class=\"elementor elementor-3\">\n\t\t\t\t<div class=\"elementor-element elementor-element-70c2aea e-flex e-con-boxed e-con e-parent\" data-id=\"70c2aea\" data-element_type=\"container\" data-core-v316-plus=\"true\">\n\t\t\t\t\t<div class=\"e-con-inner\">\n\t\t<div class=\"elementor-element elementor-element-4325230 e-con-full e-flex e-con e-child\" data-id=\"4325230\" data-element_type=\"container\">\n\t\t\t\t<div class=\"elementor-element elementor-element-1e74e9d elementor-widget elementor-widget-image\" data-id=\"1e74e9d\" data-element_type=\"widget\" data-widget_type=\"image.default\">\n\t\t\t\t<div class=\"elementor-widget-container\">\n\t\t\t<style>\/*! elementor - v3.20.0 - 20-03-2024 *\/\n.elementor-widget-image{text-align:center}.elementor-widget-image a{display:inline-block}.elementor-widget-image a img[src$=\".svg\"]{width:48px}.elementor-widget-image img{vertical-align:middle;display:inline-block}<\/style>\t\t\t\t\t\t\t\t\t\t<img fetchpriority=\"high\" decoding=\"async\" width=\"750\" height=\"1000\" src=\"https:\/\/rigalberries.com\/wp-content\/uploads\/2024\/02\/WhatsApp-Image-2024-02-14-at-5.37.11-PM-768x1024.jpeg\" class=\"attachment-large size-large wp-image-298\" alt=\"\" srcset=\"https:\/\/rigalberries.com\/wp-content\/uploads\/2024\/02\/WhatsApp-Image-2024-02-14-at-5.37.11-PM-768x1024.jpeg 768w, https:\/\/rigalberries.com\/wp-content\/uploads\/2024\/02\/WhatsApp-Image-2024-02-14-at-5.37.11-PM-225x300.jpeg 225w, https:\/\/rigalberries.com\/wp-content\/uploads\/2024\/02\/WhatsApp-Image-2024-02-14-at-5.37.11-PM.jpeg 1125w\" sizes=\"(max-width: 750px) 100vw, 750px\" \/>\t\t\t\t\t\t\t\t\t\t\t\t\t<\/div>\n\t\t\t\t<\/div>\n\t\t\t\t<\/div>\n\t\t<div class=\"elementor-element elementor-element-0821b87 e-con-full e-flex e-con e-child\" data-id=\"0821b87\" data-element_type=\"container\">\n\t\t\t\t<div class=\"elementor-element elementor-element-2107f80 elementor-widget elementor-widget-image-box\" data-id=\"2107f80\" data-element_type=\"widget\" data-widget_type=\"image-box.default\">\n\t\t\t\t<div class=\"elementor-widget-container\">\n\t\t\t<style>\/*! elementor - v3.20.0 - 20-03-2024 *\/\n.elementor-widget-image-box .elementor-image-box-content{width:100%}@media (min-width:768px){.elementor-widget-image-box.elementor-position-left .elementor-image-box-wrapper,.elementor-widget-image-box.elementor-position-right .elementor-image-box-wrapper{display:flex}.elementor-widget-image-box.elementor-position-right .elementor-image-box-wrapper{text-align:right;flex-direction:row-reverse}.elementor-widget-image-box.elementor-position-left .elementor-image-box-wrapper{text-align:left;flex-direction:row}.elementor-widget-image-box.elementor-position-top .elementor-image-box-img{margin:auto}.elementor-widget-image-box.elementor-vertical-align-top .elementor-image-box-wrapper{align-items:flex-start}.elementor-widget-image-box.elementor-vertical-align-middle .elementor-image-box-wrapper{align-items:center}.elementor-widget-image-box.elementor-vertical-align-bottom .elementor-image-box-wrapper{align-items:flex-end}}@media (max-width:767px){.elementor-widget-image-box .elementor-image-box-img{margin-left:auto!important;margin-right:auto!important;margin-bottom:15px}}.elementor-widget-image-box .elementor-image-box-img{display:inline-block}.elementor-widget-image-box .elementor-image-box-title a{color:inherit}.elementor-widget-image-box .elementor-image-box-wrapper{text-align:center}.elementor-widget-image-box .elementor-image-box-description{margin:0}<\/style><div class=\"elementor-image-box-wrapper\"><div class=\"elementor-image-box-content\"><h3 class=\"elementor-image-box-title\">Ar\u00e1ndanos  <\/h3><p class=\"elementor-image-box-description\">Los ar\u00e1ndanos son peque\u00f1as frutas redondas y de color azul oscuro. Son conocidos por ser ricos en antioxidantes y nutrientes, lo que los convierte en una opci\u00f3n saludable para incluir en la dieta. \n<h2>\n\nPresentaci\u00f3n: 6 oz, 11 oz  y 18 oz. \n\n<h2>\nTemporalidad: Noviembre - Mayo\n<\/p><\/div><\/div>\t\t<\/div>\n\t\t\t\t<\/div>\n\t\t\t\t<\/div>\n\t\t\t\t\t<\/div>\n\t\t\t\t<\/div>\n\t\t<div class=\"elementor-element elementor-element-06c1139 e-flex e-con-boxed e-con e-parent\" data-id=\"06c1139\" data-element_type=\"container\" data-core-v316-plus=\"true\">\n\t\t\t\t\t<div class=\"e-con-inner\">\n\t\t<div class=\"elementor-element elementor-element-eb9db18 e-con-full e-flex e-con e-child\" data-id=\"eb9db18\" data-element_type=\"container\">\n\t\t\t\t<div class=\"elementor-element elementor-element-ed85b91 elementor-widget elementor-widget-image-box\" data-id=\"ed85b91\" data-element_type=\"widget\" data-widget_type=\"image-box.default\">\n\t\t\t\t<div class=\"elementor-widget-container\">\n\t\t\t<div class=\"elementor-image-box-wrapper\"><div class=\"elementor-image-box-content\"><h3 class=\"elementor-image-box-title\"> Frambuesa<\/h3><p class=\"elementor-image-box-description\">Las frambuesas son peque\u00f1as frutas redondas y de color rojo brillante. Son conocidas por su sabor dulce y ligeramente \u00e1cido, as\u00ed como por su textura suave y jugosa. \n<h2>\n\nPresentaci\u00f3n: 6 oz. y 12 oz. \n\n<h2>\nTemporalidad: Noviebre - Abril<\/p><\/div><\/div>\t\t<\/div>\n\t\t\t\t<\/div>\n\t\t\t\t<\/div>\n\t\t<div class=\"elementor-element elementor-element-9cf1b4e e-con-full e-flex e-con e-child\" data-id=\"9cf1b4e\" data-element_type=\"container\">\n\t\t\t\t<div class=\"elementor-element elementor-element-794c851 elementor-widget elementor-widget-image\" data-id=\"794c851\" data-element_type=\"widget\" data-widget_type=\"image.default\">\n\t\t\t\t<div class=\"elementor-widget-container\">\n\t\t\t\t\t\t\t\t\t\t\t\t\t<img decoding=\"async\" width=\"360\" height=\"240\" src=\"https:\/\/rigalberries.com\/wp-content\/uploads\/2024\/02\/WhatsApp-Image-2024-02-15-at-10.43.40-PM-360x240.jpeg\" class=\"attachment-hestia-blog size-hestia-blog wp-image-303\" alt=\"\" \/>\t\t\t\t\t\t\t\t\t\t\t\t\t<\/div>\n\t\t\t\t<\/div>\n\t\t\t\t<\/div>\n\t\t\t\t\t<\/div>\n\t\t\t\t<\/div>\n\t\t<div class=\"elementor-element elementor-element-468efa2 e-flex e-con-boxed e-con e-parent\" data-id=\"468efa2\" data-element_type=\"container\" data-core-v316-plus=\"true\">\n\t\t\t\t\t<div class=\"e-con-inner\">\n\t\t<div class=\"elementor-element elementor-element-061c39a e-con-full e-flex e-con e-child\" data-id=\"061c39a\" data-element_type=\"container\">\n\t\t\t\t<div class=\"elementor-element elementor-element-8edac08 elementor-widget elementor-widget-image\" data-id=\"8edac08\" data-element_type=\"widget\" data-widget_type=\"image.default\">\n\t\t\t\t<div class=\"elementor-widget-container\">\n\t\t\t\t\t\t\t\t\t\t\t\t\t<img decoding=\"async\" width=\"360\" height=\"240\" src=\"https:\/\/rigalberries.com\/wp-content\/uploads\/2024\/02\/WhatsApp-Image-2024-02-14-at-5.37.09-PM-1-360x240.jpeg\" class=\"attachment-hestia-blog size-hestia-blog wp-image-296\" alt=\"\" \/>\t\t\t\t\t\t\t\t\t\t\t\t\t<\/div>\n\t\t\t\t<\/div>\n\t\t\t\t<\/div>\n\t\t<div class=\"elementor-element elementor-element-b14875e e-con-full e-flex e-con e-child\" data-id=\"b14875e\" data-element_type=\"container\">\n\t\t\t\t<div class=\"elementor-element elementor-element-82f621e elementor-widget elementor-widget-image-box\" data-id=\"82f621e\" data-element_type=\"widget\" data-widget_type=\"image-box.default\">\n\t\t\t\t<div class=\"elementor-widget-container\">\n\t\t\t<div class=\"elementor-image-box-wrapper\"><div class=\"elementor-image-box-content\"><h3 class=\"elementor-image-box-title\">Zarzamora<\/h3><p class=\"elementor-image-box-description\">Las zarzamoras son peque\u00f1as frutas redondas y oscuras que crecen en arbustos espinosos. Son conocidas por su sabor dulce y ligeramente \u00e1cido, as\u00ed como por su color morado oscuro.\n\n<h2>\n\nPresentaci\u00f3n: 6 oz. y 12 oz. \n\n<h2>\nTemporalidad:  Octubre - Marzo <\/p><\/div><\/div>\t\t<\/div>\n\t\t\t\t<\/div>\n\t\t\t\t<\/div>\n\t\t\t\t\t<\/div>\n\t\t\t\t<\/div>\n\t\t<div class=\"elementor-element elementor-element-c389a5e e-flex e-con-boxed e-con e-parent\" data-id=\"c389a5e\" data-element_type=\"container\" data-core-v316-plus=\"true\">\n\t\t\t\t\t<div class=\"e-con-inner\">\n\t\t<div class=\"elementor-element elementor-element-910ee7e e-con-full e-flex e-con e-child\" data-id=\"910ee7e\" data-element_type=\"container\">\n\t\t\t\t<div class=\"elementor-element elementor-element-7d3e784 elementor-widget elementor-widget-image-box\" data-id=\"7d3e784\" data-element_type=\"widget\" data-widget_type=\"image-box.default\">\n\t\t\t\t<div class=\"elementor-widget-container\">\n\t\t\t<div class=\"elementor-image-box-wrapper\"><div class=\"elementor-image-box-content\"><h3 class=\"elementor-image-box-title\">Aguacate<\/h3><p class=\"elementor-image-box-description\">El aguacate de Michoac\u00e1n es conocido por ser de excelente calidad y sabor. Michoac\u00e1n es uno de los principales estados productores de aguacate en M\u00e9xico, y sus plantaciones se caracterizan por adoptar pr\u00e1cticas agr\u00edcolas amigables con el medio ambiente. El aguacate de Michoac\u00e1n es apreciado tanto a nivel nacional como internacional, y es considerado un ingrediente vers\u00e1til en la gastronom\u00eda mexicana. \n\n<h2>\nPresentaci\u00f3n: 10kg y 11.3kg \n<h2>\nTemporalidad: Septiembre - Mayo<\/p><\/div><\/div>\t\t<\/div>\n\t\t\t\t<\/div>\n\t\t\t\t<\/div>\n\t\t<div class=\"elementor-element elementor-element-b1a4b9c e-con-full e-flex e-con e-child\" data-id=\"b1a4b9c\" data-element_type=\"container\">\n\t\t\t\t<div class=\"elementor-element elementor-element-56b44cf elementor-widget elementor-widget-image\" data-id=\"56b44cf\" data-element_type=\"widget\" data-widget_type=\"image.default\">\n\t\t\t\t<div class=\"elementor-widget-container\">\n\t\t\t\t\t\t\t\t\t\t\t\t\t<img loading=\"lazy\" decoding=\"async\" width=\"750\" height=\"1000\" src=\"https:\/\/rigalberries.com\/wp-content\/uploads\/2024\/10\/WhatsApp-Image-2024-10-29-at-2.06.15-PM-768x1024.jpeg\" class=\"attachment-large size-large wp-image-325\" alt=\"\" srcset=\"https:\/\/rigalberries.com\/wp-content\/uploads\/2024\/10\/WhatsApp-Image-2024-10-29-at-2.06.15-PM-768x1024.jpeg 768w, https:\/\/rigalberries.com\/wp-content\/uploads\/2024\/10\/WhatsApp-Image-2024-10-29-at-2.06.15-PM-225x300.jpeg 225w, https:\/\/rigalberries.com\/wp-content\/uploads\/2024\/10\/WhatsApp-Image-2024-10-29-at-2.06.15-PM-1152x1536.jpeg 1152w, https:\/\/rigalberries.com\/wp-content\/uploads\/2024\/10\/WhatsApp-Image-2024-10-29-at-2.06.15-PM.jpeg 1200w\" sizes=\"(max-width: 750px) 100vw, 750px\" \/>\t\t\t\t\t\t\t\t\t\t\t\t\t<\/div>\n\t\t\t\t<\/div>\n\t\t\t\t<\/div>\n\t\t\t\t\t<\/div>\n\t\t\t\t<\/div>\n\t\t\t\t<\/div>\n\t\t","protected":false},"excerpt":{"rendered":"<p>Ar\u00e1ndanos Los ar\u00e1ndanos son peque\u00f1as frutas redondas y de color azul oscuro. Son conocidos por ser ricos en antioxidantes y nutrientes, lo que los convierte en una opci\u00f3n saludable para incluir en la dieta. Presentaci\u00f3n: 6 oz, 11 oz y 18 oz. Temporalidad: Noviembre &#8211; Mayo Frambuesa Las frambuesas son [&hellip;]<\/p>\n","protected":false},"author":1,"featured_media":0,"parent":0,"menu_order":0,"comment_status":"closed","ping_status":"closed","template":"","meta":{"om_disable_all_campaigns":false,"_monsterinsights_skip_tracking":false,"_monsterinsights_sitenote_active":false,"_monsterinsights_sitenote_note":"","_monsterinsights_sitenote_category":0,"footnotes":""},"aioseo_notices":[],"_links":{"self":[{"href":"https:\/\/rigalberries.com\/index.php\/wp-json\/wp\/v2\/pages\/3"}],"collection":[{"href":"https:\/\/rigalberries.com\/index.php\/wp-json\/wp\/v2\/pages"}],"about":[{"href":"https:\/\/rigalberries.com\/index.php\/wp-json\/wp\/v2\/types\/page"}],"author":[{"embeddable":true,"href":"https:\/\/rigalberries.com\/index.php\/wp-json\/wp\/v2\/users\/1"}],"replies":[{"embeddable":true,"href":"https:\/\/rigalberries.com\/index.php\/wp-json\/wp\/v2\/comments?post=3"}],"version-history":[{"count":41,"href":"https:\/\/rigalberries.com\/index.php\/wp-json\/wp\/v2\/pages\/3\/revisions"}],"predecessor-version":[{"id":347,"href":"https:\/\/rigalberries.com\/index.php\/wp-json\/wp\/v2\/pages\/3\/revisions\/347"}],"wp:attachment":[{"href":"https:\/\/rigalberries.com\/index.php\/wp-json\/wp\/v2\/media?parent=3"}],"curies":[{"name":"wp","href":"https:\/\/api.w.org\/{rel}","templated":true}]}}